{"id":31,"date":"2025-06-07T08:44:32","date_gmt":"2025-06-07T06:44:32","guid":{"rendered":"https:\/\/tagmachine.me\/?page_id=31"},"modified":"2025-07-10T23:18:02","modified_gmt":"2025-07-10T21:18:02","slug":"register","status":"publish","type":"page","link":"https:\/\/tagmachine.me\/en\/register\/","title":{"rendered":"Subscribe"},"content":{"rendered":"<div data-elementor-type=\"wp-page\" data-elementor-id=\"31\" class=\"elementor elementor-31\" data-elementor-post-type=\"page\">\n\t\t\t\t<div class=\"elementor-element elementor-element-42a2f4f e-flex e-con-boxed e-con e-parent\" data-id=\"42a2f4f\" data-element_type=\"container\" data-settings=\"{&quot;background_background&quot;:&quot;classic&quot;}\">\n\t\t\t\t\t<div class=\"e-con-inner\">\n\t\t\t\t<div class=\"elementor-element elementor-element-eeb7d54 elementor-widget elementor-widget-heading\" data-id=\"eeb7d54\" data-element_type=\"widget\" data-widget_type=\"heading.default\">\n\t\t\t\t<div class=\"elementor-widget-container\">\n\t\t\t\t\t<h1 class=\"elementor-heading-title elementor-size-default\">Subscribe<\/h1>\t\t\t\t<\/div>\n\t\t\t\t<\/div>\n\t\t\t\t<div class=\"elementor-element elementor-element-c6f8e05 elementor-button-align-stretch elementor-widget elementor-widget-form\" data-id=\"c6f8e05\" data-element_type=\"widget\" data-settings=\"{&quot;step_next_label&quot;:&quot;Siguiente&quot;,&quot;step_previous_label&quot;:&quot;Anterior&quot;,&quot;button_width&quot;:&quot;100&quot;,&quot;step_type&quot;:&quot;number_text&quot;,&quot;step_icon_shape&quot;:&quot;circle&quot;}\" data-widget_type=\"form.default\">\n\t\t\t\t<div class=\"elementor-widget-container\">\n\t\t\t\t\t\t\t<form class=\"elementor-form\" method=\"post\" name=\"Nuevo formulario\" aria-label=\"New form\" action=\"\">\n\t\t\t<input type=\"hidden\" name=\"post_id\" value=\"31\"\/>\n\t\t\t<input type=\"hidden\" name=\"form_id\" value=\"c6f8e05\"\/>\n\t\t\t<input type=\"hidden\" name=\"referer_title\" value=\"Suscr\u00edbete a la newsletter de TagMachine | Novedades sobre gesti\u00f3n del conocimiento\" \/>\n\n\t\t\t\t\t\t\t<input type=\"hidden\" name=\"queried_id\" value=\"31\"\/>\n\t\t\t\n\t\t\t<div class=\"elementor-form-fields-wrapper elementor-labels-above\">\n\t\t\t\t\t\t\t\t<div class=\"elementor-field-type-text elementor-field-group elementor-column elementor-field-group-nombre elementor-col-100 elementor-field-required\">\n\t\t\t\t\t\t\t\t\t\t\t\t<label for=\"form-field-nombre\" class=\"elementor-field-label\">\n\t\t\t\t\t\t\t\tName\t\t\t\t\t\t\t<\/label>\n\t\t\t\t\t\t\t\t\t\t\t\t\t\t<input size=\"1\" type=\"text\" name=\"form_fields[nombre]\" id=\"form-field-nombre\" class=\"elementor-field elementor-size-sm  elementor-field-textual\" placeholder=\"Name\" required=\"required\">\n\t\t\t\t\t\t\t\t\t\t\t<\/div>\n\t\t\t\t\t\t\t\t<div class=\"elementor-field-type-text elementor-field-group elementor-column elementor-field-group-apellido elementor-col-100 elementor-field-required\">\n\t\t\t\t\t\t\t\t\t\t\t\t<label for=\"form-field-apellido\" class=\"elementor-field-label\">\n\t\t\t\t\t\t\t\tLast name\t\t\t\t\t\t\t<\/label>\n\t\t\t\t\t\t\t\t\t\t\t\t\t\t<input size=\"1\" type=\"text\" name=\"form_fields[apellido]\" id=\"form-field-apellido\" class=\"elementor-field elementor-size-sm  elementor-field-textual\" placeholder=\"Last name\" required=\"required\">\n\t\t\t\t\t\t\t\t\t\t\t<\/div>\n\t\t\t\t\t\t\t\t<div class=\"elementor-field-type-email elementor-field-group elementor-column elementor-field-group-email elementor-col-100 elementor-field-required\">\n\t\t\t\t\t\t\t\t\t\t\t\t<label for=\"form-field-email\" class=\"elementor-field-label\">\n\t\t\t\t\t\t\t\tEmail\t\t\t\t\t\t\t<\/label>\n\t\t\t\t\t\t\t\t\t\t\t\t\t\t<input size=\"1\" type=\"email\" name=\"form_fields[email]\" id=\"form-field-email\" class=\"elementor-field elementor-size-sm  elementor-field-textual\" placeholder=\"Email\" required=\"required\">\n\t\t\t\t\t\t\t\t\t\t\t<\/div>\n\t\t\t\t\t\t\t\t<div class=\"elementor-field-type-recaptcha_v3 elementor-field-group elementor-column elementor-field-group-field_369253e elementor-col-100 recaptcha_v3-bottomright\">\n\t\t\t\t\t<div class=\"elementor-field\" id=\"form-field-field_369253e\"><div class=\"elementor-g-recaptcha\" data-sitekey=\"6Lcbr1crAAAAAM8cxqxbbzkJ8tPMBUjsDc0ZMqHD\" data-type=\"v3\" data-action=\"Form\" data-badge=\"bottomright\" data-size=\"invisible\"><\/div><\/div>\t\t\t\t<\/div>\n\t\t\t\t\t\t\t\t<div class=\"elementor-field-type-acceptance elementor-field-group elementor-column elementor-field-group-field_556968c elementor-col-100 elementor-field-required\">\n\t\t\t\t\t\t\t<div class=\"elementor-field-subgroup\">\n\t\t\t<span class=\"elementor-field-option\">\n\t\t\t\t<input type=\"checkbox\" name=\"form_fields[field_556968c]\" id=\"form-field-field_556968c\" class=\"elementor-field elementor-size-sm  elementor-acceptance-field\" required=\"required\">\n\t\t\t\t<label for=\"form-field-field_556968c\">I have read and accept the <a href=\"\/en\/legal-notice\/\" target=\"_blank\">Privacy Policy<\/a>from tagmachine.me<\/label>\t\t\t<\/span>\n\t\t<\/div>\n\t\t\t\t\t\t<\/div>\n\t\t\t\t\t\t\t\t<div class=\"elementor-field-group elementor-column elementor-field-type-submit elementor-col-100 e-form__buttons\">\n\t\t\t\t\t<button class=\"elementor-button elementor-size-sm\" type=\"submit\">\n\t\t\t\t\t\t<span class=\"elementor-button-content-wrapper\">\n\t\t\t\t\t\t\t\t\t\t\t\t\t\t\t\t\t\t\t\t\t\t<span class=\"elementor-button-text\">Subscribe<\/span>\n\t\t\t\t\t\t\t\t\t\t\t\t\t<\/span>\n\t\t\t\t\t<\/button>\n\t\t\t\t<\/div>\n\t\t\t<\/div>\n\t\t<input type=\"hidden\" name=\"trp-form-language\" value=\"en\"\/><\/form>\n\t\t\t\t\t\t<\/div>\n\t\t\t\t<\/div>\n\t\t\t\t\t<\/div>\n\t\t\t\t<\/div>\n\t\t\t\t<\/div>","protected":false},"excerpt":{"rendered":"<p>Subscribe<\/p>","protected":false},"author":3,"featured_media":0,"parent":0,"menu_order":0,"comment_status":"closed","ping_status":"closed","template":"","meta":{"footnotes":""},"class_list":["post-31","page","type-page","status-publish","hentry"],"yoast_head":"<!-- This site is optimized with the Yoast SEO plugin v26.7 - https:\/\/yoast.com\/wordpress\/plugins\/seo\/ -->\n<title>Suscr\u00edbete a la newsletter de TagMachine | Novedades sobre gesti\u00f3n del conocimiento<\/title>\n<meta name=\"description\" content=\"Recibe en tu correo ideas, consejos y actualizaciones sobre organizaci\u00f3n de contenidos digitales, etiquetado inteligente y novedades de TagMachine.\" \/>\n<meta name=\"robots\" content=\"index, follow, max-snippet:-1, max-image-preview:large, max-video-preview:-1\" \/>\n<link rel=\"canonical\" href=\"https:\/\/tagmachine.me\/en\/register\/\" \/>\n<meta property=\"og:locale\" content=\"en_US\" \/>\n<meta property=\"og:type\" content=\"article\" \/>\n<meta property=\"og:title\" content=\"Suscr\u00edbete a la newsletter de TagMachine | Novedades sobre gesti\u00f3n del conocimiento\" \/>\n<meta property=\"og:description\" content=\"Recibe en tu correo ideas, consejos y actualizaciones sobre organizaci\u00f3n de contenidos digitales, etiquetado inteligente y novedades de TagMachine.\" \/>\n<meta property=\"og:url\" content=\"https:\/\/tagmachine.me\/en\/register\/\" \/>\n<meta property=\"og:site_name\" content=\"TagMachine\" \/>\n<meta property=\"article:modified_time\" content=\"2025-07-10T21:18:02+00:00\" \/>\n<meta property=\"og:image\" content=\"https:\/\/tagmachine.me\/wp-content\/uploads\/2025\/06\/logo-tagmachine-new.png\" \/>\n\t<meta property=\"og:image:width\" content=\"923\" \/>\n\t<meta property=\"og:image:height\" content=\"904\" \/>\n\t<meta property=\"og:image:type\" content=\"image\/png\" \/>\n<meta name=\"twitter:card\" content=\"summary_large_image\" \/>\n<meta name=\"twitter:label1\" content=\"Est. reading time\" \/>\n\t<meta name=\"twitter:data1\" content=\"1 minute\" \/>\n<script type=\"application\/ld+json\" class=\"yoast-schema-graph\">{\"@context\":\"https:\/\/schema.org\",\"@graph\":[{\"@type\":\"WebPage\",\"@id\":\"https:\/\/tagmachine.me\/registrate\/\",\"url\":\"https:\/\/tagmachine.me\/registrate\/\",\"name\":\"Suscr\u00edbete a la newsletter de TagMachine | Novedades sobre gesti\u00f3n del conocimiento\",\"isPartOf\":{\"@id\":\"https:\/\/tagmachine.me\/#website\"},\"datePublished\":\"2025-06-07T06:44:32+00:00\",\"dateModified\":\"2025-07-10T21:18:02+00:00\",\"description\":\"Recibe en tu correo ideas, consejos y actualizaciones sobre organizaci\u00f3n de contenidos digitales, etiquetado inteligente y novedades de TagMachine.\",\"breadcrumb\":{\"@id\":\"https:\/\/tagmachine.me\/registrate\/#breadcrumb\"},\"inLanguage\":\"en-US\",\"potentialAction\":[{\"@type\":\"ReadAction\",\"target\":[\"https:\/\/tagmachine.me\/registrate\/\"]}]},{\"@type\":\"BreadcrumbList\",\"@id\":\"https:\/\/tagmachine.me\/registrate\/#breadcrumb\",\"itemListElement\":[{\"@type\":\"ListItem\",\"position\":1,\"name\":\"Portada\",\"item\":\"https:\/\/tagmachine.me\/\"},{\"@type\":\"ListItem\",\"position\":2,\"name\":\"Suscr\u00edbete\"}]},{\"@type\":\"WebSite\",\"@id\":\"https:\/\/tagmachine.me\/#website\",\"url\":\"https:\/\/tagmachine.me\/\",\"name\":\"TagMachine\",\"description\":\"Plataforma para la gesti\u00f3n de enlaces online en equipos.\",\"publisher\":{\"@id\":\"https:\/\/tagmachine.me\/#organization\"},\"alternateName\":\"TagMachine\",\"potentialAction\":[{\"@type\":\"SearchAction\",\"target\":{\"@type\":\"EntryPoint\",\"urlTemplate\":\"https:\/\/tagmachine.me\/?s={search_term_string}\"},\"query-input\":{\"@type\":\"PropertyValueSpecification\",\"valueRequired\":true,\"valueName\":\"search_term_string\"}}],\"inLanguage\":\"en-US\"},{\"@type\":\"Organization\",\"@id\":\"https:\/\/tagmachine.me\/#organization\",\"name\":\"TagMachine\",\"alternateName\":\"TagMachine\",\"url\":\"https:\/\/tagmachine.me\/\",\"logo\":{\"@type\":\"ImageObject\",\"inLanguage\":\"en-US\",\"@id\":\"https:\/\/tagmachine.me\/#\/schema\/logo\/image\/\",\"url\":\"https:\/\/tagmachine.me\/wp-content\/uploads\/2025\/06\/tag-machine-logo-transparente2.png\",\"contentUrl\":\"https:\/\/tagmachine.me\/wp-content\/uploads\/2025\/06\/tag-machine-logo-transparente2.png\",\"width\":799,\"height\":699,\"caption\":\"TagMachine\"},\"image\":{\"@id\":\"https:\/\/tagmachine.me\/#\/schema\/logo\/image\/\"}}]}<\/script>\n<!-- \/ Yoast SEO plugin. -->","yoast_head_json":{"title":"Subscribe to the TagMachine newsletter | Knowledge Management News","description":"Receive in your inbox ideas, tips and updates on digital content organization, smart tagging and TagMachine news.","robots":{"index":"index","follow":"follow","max-snippet":"max-snippet:-1","max-image-preview":"max-image-preview:large","max-video-preview":"max-video-preview:-1"},"canonical":"https:\/\/tagmachine.me\/en\/register\/","og_locale":"en_US","og_type":"article","og_title":"Suscr\u00edbete a la newsletter de TagMachine | Novedades sobre gesti\u00f3n del conocimiento","og_description":"Recibe en tu correo ideas, consejos y actualizaciones sobre organizaci\u00f3n de contenidos digitales, etiquetado inteligente y novedades de TagMachine.","og_url":"https:\/\/tagmachine.me\/en\/register\/","og_site_name":"TagMachine","article_modified_time":"2025-07-10T21:18:02+00:00","og_image":[{"width":923,"height":904,"url":"https:\/\/tagmachine.me\/wp-content\/uploads\/2025\/06\/logo-tagmachine-new.png","type":"image\/png"}],"twitter_card":"summary_large_image","twitter_misc":{"Est. reading time":"1 minute"},"schema":{"@context":"https:\/\/schema.org","@graph":[{"@type":"WebPage","@id":"https:\/\/tagmachine.me\/registrate\/","url":"https:\/\/tagmachine.me\/registrate\/","name":"Subscribe to the TagMachine newsletter | Knowledge Management News","isPartOf":{"@id":"https:\/\/tagmachine.me\/#website"},"datePublished":"2025-06-07T06:44:32+00:00","dateModified":"2025-07-10T21:18:02+00:00","description":"Receive in your inbox ideas, tips and updates on digital content organization, smart tagging and TagMachine news.","breadcrumb":{"@id":"https:\/\/tagmachine.me\/registrate\/#breadcrumb"},"inLanguage":"en-US","potentialAction":[{"@type":"ReadAction","target":["https:\/\/tagmachine.me\/registrate\/"]}]},{"@type":"BreadcrumbList","@id":"https:\/\/tagmachine.me\/registrate\/#breadcrumb","itemListElement":[{"@type":"ListItem","position":1,"name":"Portada","item":"https:\/\/tagmachine.me\/"},{"@type":"ListItem","position":2,"name":"Suscr\u00edbete"}]},{"@type":"WebSite","@id":"https:\/\/tagmachine.me\/#website","url":"https:\/\/tagmachine.me\/","name":"TagMachine","description":"Platform for online link management in teams.","publisher":{"@id":"https:\/\/tagmachine.me\/#organization"},"alternateName":"TagMachine","potentialAction":[{"@type":"SearchAction","target":{"@type":"EntryPoint","urlTemplate":"https:\/\/tagmachine.me\/?s={search_term_string}"},"query-input":{"@type":"PropertyValueSpecification","valueRequired":true,"valueName":"search_term_string"}}],"inLanguage":"en-US"},{"@type":"Organization","@id":"https:\/\/tagmachine.me\/#organization","name":"TagMachine","alternateName":"TagMachine","url":"https:\/\/tagmachine.me\/","logo":{"@type":"ImageObject","inLanguage":"en-US","@id":"https:\/\/tagmachine.me\/#\/schema\/logo\/image\/","url":"https:\/\/tagmachine.me\/wp-content\/uploads\/2025\/06\/tag-machine-logo-transparente2.png","contentUrl":"https:\/\/tagmachine.me\/wp-content\/uploads\/2025\/06\/tag-machine-logo-transparente2.png","width":799,"height":699,"caption":"TagMachine"},"image":{"@id":"https:\/\/tagmachine.me\/#\/schema\/logo\/image\/"}}]}},"_links":{"self":[{"href":"https:\/\/tagmachine.me\/en\/wp-json\/wp\/v2\/pages\/31","targetHints":{"allow":["GET"]}}],"collection":[{"href":"https:\/\/tagmachine.me\/en\/wp-json\/wp\/v2\/pages"}],"about":[{"href":"https:\/\/tagmachine.me\/en\/wp-json\/wp\/v2\/types\/page"}],"author":[{"embeddable":true,"href":"https:\/\/tagmachine.me\/en\/wp-json\/wp\/v2\/users\/3"}],"replies":[{"embeddable":true,"href":"https:\/\/tagmachine.me\/en\/wp-json\/wp\/v2\/comments?post=31"}],"version-history":[{"count":40,"href":"https:\/\/tagmachine.me\/en\/wp-json\/wp\/v2\/pages\/31\/revisions"}],"predecessor-version":[{"id":414,"href":"https:\/\/tagmachine.me\/en\/wp-json\/wp\/v2\/pages\/31\/revisions\/414"}],"wp:attachment":[{"href":"https:\/\/tagmachine.me\/en\/wp-json\/wp\/v2\/media?parent=31"}],"curies":[{"name":"wp","href":"https:\/\/api.w.org\/{rel}","templated":true}]}}