{"id":29,"date":"2025-06-07T08:46:08","date_gmt":"2025-06-07T06:46:08","guid":{"rendered":"https:\/\/tagmachine.me\/?page_id=29"},"modified":"2025-06-17T21:47:06","modified_gmt":"2025-06-17T19:47:06","slug":"users-guide","status":"publish","type":"page","link":"https:\/\/tagmachine.me\/en\/users-guide\/","title":{"rendered":"User's guide"},"content":{"rendered":"<div data-elementor-type=\"wp-page\" data-elementor-id=\"29\" class=\"elementor elementor-29\" data-elementor-post-type=\"page\">\n\t\t\t\t<div class=\"elementor-element elementor-element-975c223 e-flex e-con-boxed e-con e-parent\" data-id=\"975c223\" data-element_type=\"container\" data-settings=\"{&quot;background_background&quot;:&quot;classic&quot;}\">\n\t\t\t\t\t<div class=\"e-con-inner\">\n\t\t\t\t<div class=\"elementor-element elementor-element-052a99d elementor-widget elementor-widget-heading\" data-id=\"052a99d\" data-element_type=\"widget\" data-widget_type=\"heading.default\">\n\t\t\t\t<div class=\"elementor-widget-container\">\n\t\t\t\t\t<h1 class=\"elementor-heading-title elementor-size-default\">First steps with TagMachine<\/h1>\t\t\t\t<\/div>\n\t\t\t\t<\/div>\n\t\t\t\t\t<\/div>\n\t\t\t\t<\/div>\n\t\t<div class=\"elementor-element elementor-element-e291fbf e-flex e-con-boxed e-con e-parent\" data-id=\"e291fbf\" data-element_type=\"container\">\n\t\t\t\t\t<div class=\"e-con-inner\">\n\t\t\t\t<div class=\"elementor-element elementor-element-bdac4b2 elementor-widget elementor-widget-heading\" data-id=\"bdac4b2\" data-element_type=\"widget\" data-widget_type=\"heading.default\">\n\t\t\t\t<div class=\"elementor-widget-container\">\n\t\t\t\t\t<h2 class=\"elementor-heading-title elementor-size-default\">Table of Contents<\/h2>\t\t\t\t<\/div>\n\t\t\t\t<\/div>\n\t\t\t\t<div class=\"elementor-element elementor-element-00f9da1 e-n-tabs-mobile elementor-widget elementor-widget-n-tabs\" data-id=\"00f9da1\" data-element_type=\"widget\" data-widget_type=\"nested-tabs.default\">\n\t\t\t\t<div class=\"elementor-widget-container\">\n\t\t\t\t\t\t\t<div class=\"e-n-tabs\" data-widget-number=\"1023393\" aria-label=\"Tabs. Open items with Enter or Space, close them with Escape and navigate with the dates.\">\n\t\t\t<div class=\"e-n-tabs-heading\" role=\"tablist\">\n\t\t\t\t\t<button id=\"e-n-tab-title-10233931\" data-tab-title-id=\"e-n-tab-title-10233931\" class=\"e-n-tab-title\" aria-selected=\"true\" data-tab-index=\"1\" role=\"tab\" tabindex=\"0\" aria-controls=\"e-n-tab-content-10233931\" style=\"--n-tabs-title-order: 1;\">\n\t\t\t\t\t\t<span class=\"e-n-tab-title-text\">\n\t\t\t\tInstalling the TagMachine extension for Chrome\t\t\t<\/span>\n\t\t<\/button>\n\t\t\t\t<button id=\"e-n-tab-title-10233932\" data-tab-title-id=\"e-n-tab-title-10233932\" class=\"e-n-tab-title\" aria-selected=\"false\" data-tab-index=\"2\" role=\"tab\" tabindex=\"-1\" aria-controls=\"e-n-tab-content-10233932\" style=\"--n-tabs-title-order: 2;\">\n\t\t\t\t\t\t<span class=\"e-n-tab-title-text\">\n\t\t\t\tClassifying a web page\t\t\t<\/span>\n\t\t<\/button>\n\t\t\t\t<button id=\"e-n-tab-title-10233933\" data-tab-title-id=\"e-n-tab-title-10233933\" class=\"e-n-tab-title\" aria-selected=\"false\" data-tab-index=\"3\" role=\"tab\" tabindex=\"-1\" aria-controls=\"e-n-tab-content-10233933\" style=\"--n-tabs-title-order: 3;\">\n\t\t\t\t\t\t<span class=\"e-n-tab-title-text\">\n\t\t\t\tCreate a personal note\t\t\t<\/span>\n\t\t<\/button>\n\t\t\t\t<button id=\"e-n-tab-title-10233934\" data-tab-title-id=\"e-n-tab-title-10233934\" class=\"e-n-tab-title\" aria-selected=\"false\" data-tab-index=\"4\" role=\"tab\" tabindex=\"-1\" aria-controls=\"e-n-tab-content-10233934\" style=\"--n-tabs-title-order: 4;\">\n\t\t\t\t\t\t<span class=\"e-n-tab-title-text\">\n\t\t\t\tSearch your content\t\t\t<\/span>\n\t\t<\/button>\n\t\t\t\t<button id=\"e-n-tab-title-10233935\" data-tab-title-id=\"e-n-tab-title-10233935\" class=\"e-n-tab-title\" aria-selected=\"false\" data-tab-index=\"5\" role=\"tab\" tabindex=\"-1\" aria-controls=\"e-n-tab-content-10233935\" style=\"--n-tabs-title-order: 5;\">\n\t\t\t\t\t\t<span class=\"e-n-tab-title-text\">\n\t\t\t\tSharing tag structures\t\t\t<\/span>\n\t\t<\/button>\n\t\t\t\t\t<\/div>\n\t\t\t<div class=\"e-n-tabs-content\">\n\t\t\t\t<div id=\"e-n-tab-content-10233931\" role=\"tabpanel\" aria-labelledby=\"e-n-tab-title-10233931\" data-tab-index=\"1\" style=\"--n-tabs-title-order: 1;\" class=\"e-active elementor-element elementor-element-9a23ccf e-con-full e-flex e-con e-child\" data-id=\"9a23ccf\" data-element_type=\"container\">\n\t\t\t\t<div class=\"elementor-element elementor-element-509b805 elementor-widget elementor-widget-text-editor\" data-id=\"509b805\" data-element_type=\"widget\" data-widget_type=\"text-editor.default\">\n\t\t\t\t<div class=\"elementor-widget-container\">\n\t\t\t\t\t\t\t\t\t<p>One of the most practical ways to start using TagMachine is through its Chrome extension. This tool allows you to directly save the websites you visit and quickly access key functionalities from your browser.<\/p>\t\t\t\t\t\t\t\t<\/div>\n\t\t\t\t<\/div>\n\t\t\t\t<div class=\"elementor-element elementor-element-4a2fc9b elementor-widget elementor-widget-video\" data-id=\"4a2fc9b\" data-element_type=\"widget\" data-settings=\"{&quot;youtube_url&quot;:&quot;https:\\\/\\\/youtu.be\\\/nzRnjsqpM38&quot;,&quot;mute&quot;:&quot;yes&quot;,&quot;loop&quot;:&quot;yes&quot;,&quot;yt_privacy&quot;:&quot;yes&quot;,&quot;video_type&quot;:&quot;youtube&quot;,&quot;controls&quot;:&quot;yes&quot;}\" data-widget_type=\"video.default\">\n\t\t\t\t<div class=\"elementor-widget-container\">\n\t\t\t\t\t\t\t<div class=\"elementor-wrapper elementor-open-inline\">\n\t\t\t<div class=\"elementor-video\"><\/div>\t\t<\/div>\n\t\t\t\t\t\t<\/div>\n\t\t\t\t<\/div>\n\t\t\t\t<\/div>\n\t\t<div id=\"e-n-tab-content-10233932\" role=\"tabpanel\" aria-labelledby=\"e-n-tab-title-10233932\" data-tab-index=\"2\" style=\"--n-tabs-title-order: 2;\" class=\"elementor-element elementor-element-90afe81 e-con-full e-flex e-con e-child\" data-id=\"90afe81\" data-element_type=\"container\">\n\t\t\t\t<div class=\"elementor-element elementor-element-ba5cabe elementor-widget elementor-widget-text-editor\" data-id=\"ba5cabe\" data-element_type=\"widget\" data-widget_type=\"text-editor.default\">\n\t\t\t\t<div class=\"elementor-widget-container\">\n\t\t\t\t\t\t\t\t\tWhile browsing the Internet, you may find resources that you want to add to your knowledge base. With the TagMachine extension, you can easily save and sort them using hierarchical tags.\t\t\t\t\t\t\t\t<\/div>\n\t\t\t\t<\/div>\n\t\t\t\t<div class=\"elementor-element elementor-element-f2dfc44 elementor-widget elementor-widget-video\" data-id=\"f2dfc44\" data-element_type=\"widget\" data-settings=\"{&quot;youtube_url&quot;:&quot;https:\\\/\\\/youtu.be\\\/qg-PS_MNMaY&quot;,&quot;mute&quot;:&quot;yes&quot;,&quot;loop&quot;:&quot;yes&quot;,&quot;yt_privacy&quot;:&quot;yes&quot;,&quot;video_type&quot;:&quot;youtube&quot;,&quot;controls&quot;:&quot;yes&quot;}\" data-widget_type=\"video.default\">\n\t\t\t\t<div class=\"elementor-widget-container\">\n\t\t\t\t\t\t\t<div class=\"elementor-wrapper elementor-open-inline\">\n\t\t\t<div class=\"elementor-video\"><\/div>\t\t<\/div>\n\t\t\t\t\t\t<\/div>\n\t\t\t\t<\/div>\n\t\t\t\t<\/div>\n\t\t<div id=\"e-n-tab-content-10233933\" role=\"tabpanel\" aria-labelledby=\"e-n-tab-title-10233933\" data-tab-index=\"3\" style=\"--n-tabs-title-order: 3;\" class=\"elementor-element elementor-element-4a0d128 e-con-full e-flex e-con e-child\" data-id=\"4a0d128\" data-element_type=\"container\">\n\t\t\t\t<div class=\"elementor-element elementor-element-940bb51 elementor-widget elementor-widget-text-editor\" data-id=\"940bb51\" data-element_type=\"widget\" data-widget_type=\"text-editor.default\">\n\t\t\t\t<div class=\"elementor-widget-container\">\n\t\t\t\t\t\t\t\t\tWhen you need to make a quick note during your work, TagMachine allows you to do it instantly. Create and save ideas, reminders or references without leaving your workflow.\t\t\t\t\t\t\t\t<\/div>\n\t\t\t\t<\/div>\n\t\t\t\t<div class=\"elementor-element elementor-element-506cc6b elementor-widget elementor-widget-video\" data-id=\"506cc6b\" data-element_type=\"widget\" data-settings=\"{&quot;youtube_url&quot;:&quot;https:\\\/\\\/youtu.be\\\/uqGRQXFlFJA&quot;,&quot;mute&quot;:&quot;yes&quot;,&quot;loop&quot;:&quot;yes&quot;,&quot;yt_privacy&quot;:&quot;yes&quot;,&quot;video_type&quot;:&quot;youtube&quot;,&quot;controls&quot;:&quot;yes&quot;}\" data-widget_type=\"video.default\">\n\t\t\t\t<div class=\"elementor-widget-container\">\n\t\t\t\t\t\t\t<div class=\"elementor-wrapper elementor-open-inline\">\n\t\t\t<div class=\"elementor-video\"><\/div>\t\t<\/div>\n\t\t\t\t\t\t<\/div>\n\t\t\t\t<\/div>\n\t\t\t\t<\/div>\n\t\t<div id=\"e-n-tab-content-10233934\" role=\"tabpanel\" aria-labelledby=\"e-n-tab-title-10233934\" data-tab-index=\"4\" style=\"--n-tabs-title-order: 4;\" class=\"elementor-element elementor-element-4fccd8c e-con-full e-flex e-con e-child\" data-id=\"4fccd8c\" data-element_type=\"container\">\n\t\t\t\t<div class=\"elementor-element elementor-element-3f955df elementor-widget elementor-widget-text-editor\" data-id=\"3f955df\" data-element_type=\"widget\" data-widget_type=\"text-editor.default\">\n\t\t\t\t<div class=\"elementor-widget-container\">\n\t\t\t\t\t\t\t\t\tStored information is only useful if you can find it easily. The combination of TagMachine's hierarchical tag system and search tools allows you to locate any content efficiently.\t\t\t\t\t\t\t\t<\/div>\n\t\t\t\t<\/div>\n\t\t\t\t<div class=\"elementor-element elementor-element-507becf elementor-widget elementor-widget-video\" data-id=\"507becf\" data-element_type=\"widget\" data-settings=\"{&quot;youtube_url&quot;:&quot;https:\\\/\\\/youtu.be\\\/Zlm1DAAi-b0&quot;,&quot;mute&quot;:&quot;yes&quot;,&quot;loop&quot;:&quot;yes&quot;,&quot;yt_privacy&quot;:&quot;yes&quot;,&quot;video_type&quot;:&quot;youtube&quot;,&quot;controls&quot;:&quot;yes&quot;}\" data-widget_type=\"video.default\">\n\t\t\t\t<div class=\"elementor-widget-container\">\n\t\t\t\t\t\t\t<div class=\"elementor-wrapper elementor-open-inline\">\n\t\t\t<div class=\"elementor-video\"><\/div>\t\t<\/div>\n\t\t\t\t\t\t<\/div>\n\t\t\t\t<\/div>\n\t\t\t\t<\/div>\n\t\t<div id=\"e-n-tab-content-10233935\" role=\"tabpanel\" aria-labelledby=\"e-n-tab-title-10233935\" data-tab-index=\"5\" style=\"--n-tabs-title-order: 5;\" class=\"elementor-element elementor-element-371d694 e-con-full e-flex e-con e-child\" data-id=\"371d694\" data-element_type=\"container\">\n\t\t\t\t<div class=\"elementor-element elementor-element-43606d8 elementor-widget elementor-widget-text-editor\" data-id=\"43606d8\" data-element_type=\"widget\" data-widget_type=\"text-editor.default\">\n\t\t\t\t<div class=\"elementor-widget-container\">\n\t\t\t\t\t\t\t\t\tKnowledge is even more valuable when it is shared. TagMachine allows you to send complete tag trees or specific snippets to your contacts, directly by email.\t\t\t\t\t\t\t\t<\/div>\n\t\t\t\t<\/div>\n\t\t\t\t<div class=\"elementor-element elementor-element-c6c9314 elementor-widget elementor-widget-video\" data-id=\"c6c9314\" data-element_type=\"widget\" data-settings=\"{&quot;youtube_url&quot;:&quot;https:\\\/\\\/youtu.be\\\/-pznOM3AmCE&quot;,&quot;mute&quot;:&quot;yes&quot;,&quot;loop&quot;:&quot;yes&quot;,&quot;yt_privacy&quot;:&quot;yes&quot;,&quot;video_type&quot;:&quot;youtube&quot;,&quot;controls&quot;:&quot;yes&quot;}\" data-widget_type=\"video.default\">\n\t\t\t\t<div class=\"elementor-widget-container\">\n\t\t\t\t\t\t\t<div class=\"elementor-wrapper elementor-open-inline\">\n\t\t\t<div class=\"elementor-video\"><\/div>\t\t<\/div>\n\t\t\t\t\t\t<\/div>\n\t\t\t\t<\/div>\n\t\t\t\t<\/div>\n\t\t\t\t\t<\/div>\n\t\t<\/div>\n\t\t\t\t\t\t<\/div>\n\t\t\t\t<\/div>\n\t\t\t\t\t<\/div>\n\t\t\t\t<\/div>\n\t\t<div class=\"elementor-element elementor-element-66b5969 e-flex e-con-boxed e-con e-parent\" data-id=\"66b5969\" data-element_type=\"container\" data-settings=\"{&quot;background_background&quot;:&quot;classic&quot;}\">\n\t\t\t\t\t<div class=\"e-con-inner\">\n\t\t\t\t<div class=\"elementor-element elementor-element-7d97f43 elementor-widget elementor-widget-heading\" data-id=\"7d97f43\" data-element_type=\"widget\" data-widget_type=\"heading.default\">\n\t\t\t\t<div class=\"elementor-widget-container\">\n\t\t\t\t\t<h2 class=\"elementor-heading-title elementor-size-default\">Start organizing your digital knowledge today<\/h2>\t\t\t\t<\/div>\n\t\t\t\t<\/div>\n\t\t\t\t<div class=\"elementor-element elementor-element-2f7f9c6 elementor-widget elementor-widget-heading\" data-id=\"2f7f9c6\" data-element_type=\"widget\" data-widget_type=\"heading.default\">\n\t\t\t\t<div class=\"elementor-widget-container\">\n\t\t\t\t\t<p class=\"elementor-heading-title elementor-size-default\">Sign up for free and start saving, tagging and sharing digital content with TagMachine. The Chrome extension and Android app are ready to help you turn scattered information into structured and accessible knowledge.<\/p>\t\t\t\t<\/div>\n\t\t\t\t<\/div>\n\t\t\t\t<div class=\"elementor-element elementor-element-c341679 elementor-align-center elementor-widget elementor-widget-button\" data-id=\"c341679\" data-element_type=\"widget\" data-widget_type=\"button.default\">\n\t\t\t\t<div class=\"elementor-widget-container\">\n\t\t\t\t\t\t\t\t\t<div class=\"elementor-button-wrapper\">\n\t\t\t\t\t<a class=\"elementor-button elementor-button-link elementor-size-sm elementor-animation-grow\" href=\"https:\/\/tagmachineapp.com\/signup\" target=\"_blank\">\n\t\t\t\t\t\t<span class=\"elementor-button-content-wrapper\">\n\t\t\t\t\t\t\t\t\t<span class=\"elementor-button-text\">Start your free trial <\/span>\n\t\t\t\t\t<\/span>\n\t\t\t\t\t<\/a>\n\t\t\t\t<\/div>\n\t\t\t\t\t\t\t\t<\/div>\n\t\t\t\t<\/div>\n\t\t\t\t\t<\/div>\n\t\t\t\t<\/div>\n\t\t\t\t<\/div>","protected":false},"excerpt":{"rendered":"<p>Primeros pasos con TagMachine \u00cdndice de contenidos Instalar la extensi\u00f3n de TagMachine para Chrome Clasificar una p\u00e1gina web Crear una nota personal Buscar en tu contenido Compartir estructuras de etiquetas Una de las formas m\u00e1s pr\u00e1cticas de comenzar a utilizar TagMachine es a trav\u00e9s de su extensi\u00f3n para Chrome. Esta herramienta te permite guardar directamente [&hellip;]<\/p>","protected":false},"author":3,"featured_media":0,"parent":0,"menu_order":0,"comment_status":"closed","ping_status":"closed","template":"","meta":{"footnotes":""},"class_list":["post-29","page","type-page","status-publish","hentry"],"yoast_head":"<!-- This site is optimized with the Yoast SEO plugin v26.7 - https:\/\/yoast.com\/wordpress\/plugins\/seo\/ -->\n<title>Primeros pasos con TagMachine | Gu\u00eda para organizar y compartir tu conocimiento digital<\/title>\n<meta name=\"description\" content=\"Aprende c\u00f3mo instalar la extensi\u00f3n de TagMachine, guardar p\u00e1ginas web, clasificar contenido, tomar notas, buscar informaci\u00f3n y compartirla con tu equipo.\" \/>\n<meta name=\"robots\" content=\"index, follow, max-snippet:-1, max-image-preview:large, max-video-preview:-1\" \/>\n<link rel=\"canonical\" href=\"https:\/\/tagmachine.me\/en\/users-guide\/\" \/>\n<meta property=\"og:locale\" content=\"en_US\" \/>\n<meta property=\"og:type\" content=\"article\" \/>\n<meta property=\"og:title\" content=\"Primeros pasos con TagMachine | Gu\u00eda para organizar y compartir tu conocimiento digital\" \/>\n<meta property=\"og:description\" content=\"Aprende c\u00f3mo instalar la extensi\u00f3n de TagMachine, guardar p\u00e1ginas web, clasificar contenido, tomar notas, buscar informaci\u00f3n y compartirla con tu equipo.\" \/>\n<meta property=\"og:url\" content=\"https:\/\/tagmachine.me\/en\/users-guide\/\" \/>\n<meta property=\"og:site_name\" content=\"TagMachine\" \/>\n<meta property=\"article:modified_time\" content=\"2025-06-17T19:47:06+00:00\" \/>\n<meta property=\"og:image\" content=\"https:\/\/tagmachine.me\/wp-content\/uploads\/2025\/06\/logo-tagmachine-new.png\" \/>\n\t<meta property=\"og:image:width\" content=\"923\" \/>\n\t<meta property=\"og:image:height\" content=\"904\" \/>\n\t<meta property=\"og:image:type\" content=\"image\/png\" \/>\n<meta name=\"twitter:card\" content=\"summary_large_image\" \/>\n<meta name=\"twitter:label1\" content=\"Est. reading time\" \/>\n\t<meta name=\"twitter:data1\" content=\"2 minutes\" \/>\n<script type=\"application\/ld+json\" class=\"yoast-schema-graph\">{\"@context\":\"https:\/\/schema.org\",\"@graph\":[{\"@type\":\"WebPage\",\"@id\":\"https:\/\/tagmachine.me\/guia-de-uso\/\",\"url\":\"https:\/\/tagmachine.me\/guia-de-uso\/\",\"name\":\"Primeros pasos con TagMachine | Gu\u00eda para organizar y compartir tu conocimiento digital\",\"isPartOf\":{\"@id\":\"https:\/\/tagmachine.me\/#website\"},\"datePublished\":\"2025-06-07T06:46:08+00:00\",\"dateModified\":\"2025-06-17T19:47:06+00:00\",\"description\":\"Aprende c\u00f3mo instalar la extensi\u00f3n de TagMachine, guardar p\u00e1ginas web, clasificar contenido, tomar notas, buscar informaci\u00f3n y compartirla con tu equipo.\",\"breadcrumb\":{\"@id\":\"https:\/\/tagmachine.me\/guia-de-uso\/#breadcrumb\"},\"inLanguage\":\"en-US\",\"potentialAction\":[{\"@type\":\"ReadAction\",\"target\":[\"https:\/\/tagmachine.me\/guia-de-uso\/\"]}]},{\"@type\":\"BreadcrumbList\",\"@id\":\"https:\/\/tagmachine.me\/guia-de-uso\/#breadcrumb\",\"itemListElement\":[{\"@type\":\"ListItem\",\"position\":1,\"name\":\"Portada\",\"item\":\"https:\/\/tagmachine.me\/\"},{\"@type\":\"ListItem\",\"position\":2,\"name\":\"Gu\u00eda de uso\"}]},{\"@type\":\"WebSite\",\"@id\":\"https:\/\/tagmachine.me\/#website\",\"url\":\"https:\/\/tagmachine.me\/\",\"name\":\"TagMachine\",\"description\":\"Plataforma para la gesti\u00f3n de enlaces online en equipos.\",\"publisher\":{\"@id\":\"https:\/\/tagmachine.me\/#organization\"},\"alternateName\":\"TagMachine\",\"potentialAction\":[{\"@type\":\"SearchAction\",\"target\":{\"@type\":\"EntryPoint\",\"urlTemplate\":\"https:\/\/tagmachine.me\/?s={search_term_string}\"},\"query-input\":{\"@type\":\"PropertyValueSpecification\",\"valueRequired\":true,\"valueName\":\"search_term_string\"}}],\"inLanguage\":\"en-US\"},{\"@type\":\"Organization\",\"@id\":\"https:\/\/tagmachine.me\/#organization\",\"name\":\"TagMachine\",\"alternateName\":\"TagMachine\",\"url\":\"https:\/\/tagmachine.me\/\",\"logo\":{\"@type\":\"ImageObject\",\"inLanguage\":\"en-US\",\"@id\":\"https:\/\/tagmachine.me\/#\/schema\/logo\/image\/\",\"url\":\"https:\/\/tagmachine.me\/wp-content\/uploads\/2025\/06\/tag-machine-logo-transparente2.png\",\"contentUrl\":\"https:\/\/tagmachine.me\/wp-content\/uploads\/2025\/06\/tag-machine-logo-transparente2.png\",\"width\":799,\"height\":699,\"caption\":\"TagMachine\"},\"image\":{\"@id\":\"https:\/\/tagmachine.me\/#\/schema\/logo\/image\/\"}}]}<\/script>\n<!-- \/ Yoast SEO plugin. -->","yoast_head_json":{"title":"Getting started with TagMachine | A guide to organize and share your digital knowledge","description":"Learn how to install the TagMachine extension, save web pages, categorize content, take notes, search for information and share it with your team.","robots":{"index":"index","follow":"follow","max-snippet":"max-snippet:-1","max-image-preview":"max-image-preview:large","max-video-preview":"max-video-preview:-1"},"canonical":"https:\/\/tagmachine.me\/en\/users-guide\/","og_locale":"en_US","og_type":"article","og_title":"Primeros pasos con TagMachine | Gu\u00eda para organizar y compartir tu conocimiento digital","og_description":"Aprende c\u00f3mo instalar la extensi\u00f3n de TagMachine, guardar p\u00e1ginas web, clasificar contenido, tomar notas, buscar informaci\u00f3n y compartirla con tu equipo.","og_url":"https:\/\/tagmachine.me\/en\/users-guide\/","og_site_name":"TagMachine","article_modified_time":"2025-06-17T19:47:06+00:00","og_image":[{"width":923,"height":904,"url":"https:\/\/tagmachine.me\/wp-content\/uploads\/2025\/06\/logo-tagmachine-new.png","type":"image\/png"}],"twitter_card":"summary_large_image","twitter_misc":{"Est. reading time":"2 minutes"},"schema":{"@context":"https:\/\/schema.org","@graph":[{"@type":"WebPage","@id":"https:\/\/tagmachine.me\/guia-de-uso\/","url":"https:\/\/tagmachine.me\/guia-de-uso\/","name":"Getting started with TagMachine | A guide to organize and share your digital knowledge","isPartOf":{"@id":"https:\/\/tagmachine.me\/#website"},"datePublished":"2025-06-07T06:46:08+00:00","dateModified":"2025-06-17T19:47:06+00:00","description":"Learn how to install the TagMachine extension, save web pages, categorize content, take notes, search for information and share it with your team.","breadcrumb":{"@id":"https:\/\/tagmachine.me\/guia-de-uso\/#breadcrumb"},"inLanguage":"en-US","potentialAction":[{"@type":"ReadAction","target":["https:\/\/tagmachine.me\/guia-de-uso\/"]}]},{"@type":"BreadcrumbList","@id":"https:\/\/tagmachine.me\/guia-de-uso\/#breadcrumb","itemListElement":[{"@type":"ListItem","position":1,"name":"Portada","item":"https:\/\/tagmachine.me\/"},{"@type":"ListItem","position":2,"name":"Gu\u00eda de uso"}]},{"@type":"WebSite","@id":"https:\/\/tagmachine.me\/#website","url":"https:\/\/tagmachine.me\/","name":"TagMachine","description":"Platform for online link management in teams.","publisher":{"@id":"https:\/\/tagmachine.me\/#organization"},"alternateName":"TagMachine","potentialAction":[{"@type":"SearchAction","target":{"@type":"EntryPoint","urlTemplate":"https:\/\/tagmachine.me\/?s={search_term_string}"},"query-input":{"@type":"PropertyValueSpecification","valueRequired":true,"valueName":"search_term_string"}}],"inLanguage":"en-US"},{"@type":"Organization","@id":"https:\/\/tagmachine.me\/#organization","name":"TagMachine","alternateName":"TagMachine","url":"https:\/\/tagmachine.me\/","logo":{"@type":"ImageObject","inLanguage":"en-US","@id":"https:\/\/tagmachine.me\/#\/schema\/logo\/image\/","url":"https:\/\/tagmachine.me\/wp-content\/uploads\/2025\/06\/tag-machine-logo-transparente2.png","contentUrl":"https:\/\/tagmachine.me\/wp-content\/uploads\/2025\/06\/tag-machine-logo-transparente2.png","width":799,"height":699,"caption":"TagMachine"},"image":{"@id":"https:\/\/tagmachine.me\/#\/schema\/logo\/image\/"}}]}},"_links":{"self":[{"href":"https:\/\/tagmachine.me\/en\/wp-json\/wp\/v2\/pages\/29","targetHints":{"allow":["GET"]}}],"collection":[{"href":"https:\/\/tagmachine.me\/en\/wp-json\/wp\/v2\/pages"}],"about":[{"href":"https:\/\/tagmachine.me\/en\/wp-json\/wp\/v2\/types\/page"}],"author":[{"embeddable":true,"href":"https:\/\/tagmachine.me\/en\/wp-json\/wp\/v2\/users\/3"}],"replies":[{"embeddable":true,"href":"https:\/\/tagmachine.me\/en\/wp-json\/wp\/v2\/comments?post=29"}],"version-history":[{"count":37,"href":"https:\/\/tagmachine.me\/en\/wp-json\/wp\/v2\/pages\/29\/revisions"}],"predecessor-version":[{"id":405,"href":"https:\/\/tagmachine.me\/en\/wp-json\/wp\/v2\/pages\/29\/revisions\/405"}],"wp:attachment":[{"href":"https:\/\/tagmachine.me\/en\/wp-json\/wp\/v2\/media?parent=29"}],"curies":[{"name":"wp","href":"https:\/\/api.w.org\/{rel}","templated":true}]}}