{"id":28,"date":"2025-06-07T08:44:03","date_gmt":"2025-06-07T06:44:03","guid":{"rendered":"https:\/\/tagmachine.me\/?page_id=28"},"modified":"2025-06-17T21:45:24","modified_gmt":"2025-06-17T19:45:24","slug":"functionalities","status":"publish","type":"page","link":"https:\/\/tagmachine.me\/en\/funcionalidades\/","title":{"rendered":"Features"},"content":{"rendered":"<div data-elementor-type=\"wp-page\" data-elementor-id=\"28\" class=\"elementor elementor-28\" data-elementor-post-type=\"page\">\n\t\t\t\t<div class=\"elementor-element elementor-element-a9f14e2 e-flex e-con-boxed e-con e-parent\" data-id=\"a9f14e2\" data-element_type=\"container\" data-e-type=\"container\" data-settings=\"{&quot;background_background&quot;:&quot;classic&quot;}\">\n\t\t\t\t\t<div class=\"e-con-inner\">\n\t\t\t\t<div class=\"elementor-element elementor-element-82c568d elementor-widget elementor-widget-heading\" data-id=\"82c568d\" data-element_type=\"widget\" data-e-type=\"widget\" data-widget_type=\"heading.default\">\n\t\t\t\t<div class=\"elementor-widget-container\">\n\t\t\t\t\t<h1 class=\"elementor-heading-title elementor-size-default\">Functionalities to organize and share your digital knowledge<\/h1>\t\t\t\t<\/div>\n\t\t\t\t<\/div>\n\t\t\t\t<div class=\"elementor-element elementor-element-e4508b9 elementor-widget elementor-widget-heading\" data-id=\"e4508b9\" data-element_type=\"widget\" data-e-type=\"widget\" data-widget_type=\"heading.default\">\n\t\t\t\t<div class=\"elementor-widget-container\">\n\t\t\t\t\t<p class=\"elementor-heading-title elementor-size-default\">TagMachine is a technological platform designed to store, organize and share digital information in a structured way. Discover all the features that allow you to turn the information chaos into a logical and accessible system, adapted to the way you work.<\/p>\t\t\t\t<\/div>\n\t\t\t\t<\/div>\n\t\t\t\t\t<\/div>\n\t\t\t\t<\/div>\n\t\t<div class=\"elementor-element elementor-element-b87adbe e-flex e-con-boxed e-con e-parent\" data-id=\"b87adbe\" data-element_type=\"container\" data-e-type=\"container\" data-settings=\"{&quot;background_background&quot;:&quot;classic&quot;}\">\n\t\t\t\t\t<div class=\"e-con-inner\">\n\t\t\t\t<div class=\"elementor-element elementor-element-4026125 elementor-widget elementor-widget-heading\" data-id=\"4026125\" data-element_type=\"widget\" data-e-type=\"widget\" data-widget_type=\"heading.default\">\n\t\t\t\t<div class=\"elementor-widget-container\">\n\t\t\t\t\t<h2 class=\"elementor-heading-title elementor-size-default\">What you can do with TagMachine<\/h2>\t\t\t\t<\/div>\n\t\t\t\t<\/div>\n\t\t\t\t\t<\/div>\n\t\t\t\t<\/div>\n\t\t<div class=\"elementor-element elementor-element-b2d132e e-flex e-con-boxed e-con e-parent\" data-id=\"b2d132e\" data-element_type=\"container\" data-e-type=\"container\">\n\t\t\t\t\t<div class=\"e-con-inner\">\n\t\t<div class=\"elementor-element elementor-element-df8115a e-con-full e-flex e-con e-child\" data-id=\"df8115a\" data-element_type=\"container\" data-e-type=\"container\" data-settings=\"{&quot;background_background&quot;:&quot;classic&quot;}\">\n\t\t\t\t<div class=\"elementor-element elementor-element-2c506e9 elementor-widget__width-initial elementor-widget-tablet__width-inherit elementor-widget elementor-widget-image\" data-id=\"2c506e9\" data-element_type=\"widget\" data-e-type=\"widget\" data-widget_type=\"image.default\">\n\t\t\t\t<div class=\"elementor-widget-container\">\n\t\t\t\t\t\t\t\t\t\t\t\t\t\t\t<img fetchpriority=\"high\" decoding=\"async\" width=\"553\" height=\"279\" src=\"https:\/\/tagmachine.me\/wp-content\/uploads\/2025\/06\/Screenshot2024-04-25at01-26-36TagMachine.png\" class=\"attachment-full size-full wp-image-76\" alt=\"Hierarchical tree view in TagMachine, showing how tags and sub-levels are organized to structure digital knowledge.\" srcset=\"https:\/\/tagmachine.me\/wp-content\/uploads\/2025\/06\/Screenshot2024-04-25at01-26-36TagMachine.png 553w, https:\/\/tagmachine.me\/wp-content\/uploads\/2025\/06\/Screenshot2024-04-25at01-26-36TagMachine-300x151.png 300w\" sizes=\"(max-width: 553px) 100vw, 553px\" \/>\t\t\t\t\t\t\t\t\t\t\t\t\t\t\t<\/div>\n\t\t\t\t<\/div>\n\t\t<div class=\"elementor-element elementor-element-b927b8f e-con-full e-flex e-con e-child\" data-id=\"b927b8f\" data-element_type=\"container\" data-e-type=\"container\">\n\t\t\t\t<div class=\"elementor-element elementor-element-fc115b4 elementor-widget elementor-widget-heading\" data-id=\"fc115b4\" data-element_type=\"widget\" data-e-type=\"widget\" data-widget_type=\"heading.default\">\n\t\t\t\t<div class=\"elementor-widget-container\">\n\t\t\t\t\t<h3 class=\"elementor-heading-title elementor-size-default\">Keep your information organized<\/h3>\t\t\t\t<\/div>\n\t\t\t\t<\/div>\n\t\t\t\t<div class=\"elementor-element elementor-element-9d92a1b elementor-widget elementor-widget-text-editor\" data-id=\"9d92a1b\" data-element_type=\"widget\" data-e-type=\"widget\" data-widget_type=\"text-editor.default\">\n\t\t\t\t<div class=\"elementor-widget-container\">\n\t\t\t\t\t\t\t\t\tOrganize your links, documents and personal notes using hierarchical tags. Create a logical structure that adapts to your projects, departments or areas of expertise, and always access what you need with clarity.\t\t\t\t\t\t\t\t<\/div>\n\t\t\t\t<\/div>\n\t\t\t\t<\/div>\n\t\t\t\t<\/div>\n\t\t\t\t\t<\/div>\n\t\t\t\t<\/div>\n\t\t<div class=\"elementor-element elementor-element-1fadf12 e-flex e-con-boxed e-con e-parent\" data-id=\"1fadf12\" data-element_type=\"container\" data-e-type=\"container\">\n\t\t\t\t\t<div class=\"e-con-inner\">\n\t\t<div class=\"elementor-element elementor-element-57ec1ec e-con-full e-flex e-con e-child\" data-id=\"57ec1ec\" data-element_type=\"container\" data-e-type=\"container\" data-settings=\"{&quot;background_background&quot;:&quot;classic&quot;}\">\n\t\t<div class=\"elementor-element elementor-element-5490200 e-con-full e-flex e-con e-child\" data-id=\"5490200\" data-element_type=\"container\" data-e-type=\"container\">\n\t\t\t\t<div class=\"elementor-element elementor-element-dc27c51 elementor-widget elementor-widget-heading\" data-id=\"dc27c51\" data-element_type=\"widget\" data-e-type=\"widget\" data-widget_type=\"heading.default\">\n\t\t\t\t<div class=\"elementor-widget-container\">\n\t\t\t\t\t<h3 class=\"elementor-heading-title elementor-size-default\">Store documents online<\/h3>\t\t\t\t<\/div>\n\t\t\t\t<\/div>\n\t\t\t\t<div class=\"elementor-element elementor-element-37e5dd7 elementor-widget elementor-widget-text-editor\" data-id=\"37e5dd7\" data-element_type=\"widget\" data-e-type=\"widget\" data-widget_type=\"text-editor.default\">\n\t\t\t\t<div class=\"elementor-widget-container\">\n\t\t\t\t\t\t\t\t\tAdd any online resource to your workspace: articles, tools, videos or technical links. You can also save your own notes directly from the platform, centralizing all your information in one place.\t\t\t\t\t\t\t\t<\/div>\n\t\t\t\t<\/div>\n\t\t\t\t<\/div>\n\t\t\t\t<div class=\"elementor-element elementor-element-075f0c9 elementor-widget__width-initial elementor-widget-tablet__width-inherit elementor-widget elementor-widget-image\" data-id=\"075f0c9\" data-element_type=\"widget\" data-e-type=\"widget\" data-widget_type=\"image.default\">\n\t\t\t\t<div class=\"elementor-widget-container\">\n\t\t\t\t\t\t\t\t\t\t\t\t\t\t\t<img decoding=\"async\" width=\"1920\" height=\"1771\" src=\"https:\/\/tagmachine.me\/wp-content\/uploads\/2025\/06\/Sources.png\" class=\"attachment-full size-full wp-image-78\" alt=\"TagMachine integration icons with Google Drive, OneDrive, Dropbox, and Google Chrome.\" srcset=\"https:\/\/tagmachine.me\/wp-content\/uploads\/2025\/06\/Sources.png 1920w, https:\/\/tagmachine.me\/wp-content\/uploads\/2025\/06\/Sources-300x277.png 300w, https:\/\/tagmachine.me\/wp-content\/uploads\/2025\/06\/Sources-1024x945.png 1024w, https:\/\/tagmachine.me\/wp-content\/uploads\/2025\/06\/Sources-768x708.png 768w, https:\/\/tagmachine.me\/wp-content\/uploads\/2025\/06\/Sources-1536x1417.png 1536w\" sizes=\"(max-width: 1920px) 100vw, 1920px\" \/>\t\t\t\t\t\t\t\t\t\t\t\t\t\t\t<\/div>\n\t\t\t\t<\/div>\n\t\t\t\t<\/div>\n\t\t\t\t\t<\/div>\n\t\t\t\t<\/div>\n\t\t<div class=\"elementor-element elementor-element-a1bf006 e-flex e-con-boxed e-con e-parent\" data-id=\"a1bf006\" data-element_type=\"container\" data-e-type=\"container\">\n\t\t\t\t\t<div class=\"e-con-inner\">\n\t\t<div class=\"elementor-element elementor-element-95dfce3 e-con-full e-flex e-con e-child\" data-id=\"95dfce3\" data-element_type=\"container\" data-e-type=\"container\" data-settings=\"{&quot;background_background&quot;:&quot;classic&quot;}\">\n\t\t\t\t<div class=\"elementor-element elementor-element-b315e10 elementor-widget__width-initial elementor-widget-tablet__width-inherit elementor-widget elementor-widget-image\" data-id=\"b315e10\" data-element_type=\"widget\" data-e-type=\"widget\" data-widget_type=\"image.default\">\n\t\t\t\t<div class=\"elementor-widget-container\">\n\t\t\t\t\t\t\t\t\t\t\t\t\t\t\t<img decoding=\"async\" width=\"583\" height=\"507\" src=\"https:\/\/tagmachine.me\/wp-content\/uploads\/2025\/06\/Screenshot2024-04-25at01-38-20TagMachine.png\" class=\"attachment-full size-full wp-image-77\" alt=\"TagMachine search result with filters applied by text and date, showing a classified resource with hierarchical tags.\" srcset=\"https:\/\/tagmachine.me\/wp-content\/uploads\/2025\/06\/Screenshot2024-04-25at01-38-20TagMachine.png 583w, https:\/\/tagmachine.me\/wp-content\/uploads\/2025\/06\/Screenshot2024-04-25at01-38-20TagMachine-300x261.png 300w\" sizes=\"(max-width: 583px) 100vw, 583px\" \/>\t\t\t\t\t\t\t\t\t\t\t\t\t\t\t<\/div>\n\t\t\t\t<\/div>\n\t\t<div class=\"elementor-element elementor-element-bac0fd3 e-con-full e-flex e-con e-child\" data-id=\"bac0fd3\" data-element_type=\"container\" data-e-type=\"container\">\n\t\t\t\t<div class=\"elementor-element elementor-element-fc5d4fe elementor-widget elementor-widget-heading\" data-id=\"fc5d4fe\" data-element_type=\"widget\" data-e-type=\"widget\" data-widget_type=\"heading.default\">\n\t\t\t\t<div class=\"elementor-widget-container\">\n\t\t\t\t\t<h3 class=\"elementor-heading-title elementor-size-default\">Find what you are looking for<\/h3>\t\t\t\t<\/div>\n\t\t\t\t<\/div>\n\t\t\t\t<div class=\"elementor-element elementor-element-186c06b elementor-widget elementor-widget-text-editor\" data-id=\"186c06b\" data-element_type=\"widget\" data-e-type=\"widget\" data-widget_type=\"text-editor.default\">\n\t\t\t\t<div class=\"elementor-widget-container\">\n\t\t\t\t\t\t\t\t\tUse the advanced search engine to locate saved documents or links by filtering by text, tags or dates. Even in complex structures, access relevant content in seconds.\t\t\t\t\t\t\t\t<\/div>\n\t\t\t\t<\/div>\n\t\t\t\t<\/div>\n\t\t\t\t<\/div>\n\t\t\t\t\t<\/div>\n\t\t\t\t<\/div>\n\t\t<div class=\"elementor-element elementor-element-b8e7349 e-flex e-con-boxed e-con e-parent\" data-id=\"b8e7349\" data-element_type=\"container\" data-e-type=\"container\">\n\t\t\t\t\t<div class=\"e-con-inner\">\n\t\t<div class=\"elementor-element elementor-element-bfc77c3 e-con-full e-flex e-con e-child\" data-id=\"bfc77c3\" data-element_type=\"container\" data-e-type=\"container\" data-settings=\"{&quot;background_background&quot;:&quot;classic&quot;}\">\n\t\t<div class=\"elementor-element elementor-element-0c84541 e-con-full e-flex e-con e-child\" data-id=\"0c84541\" data-element_type=\"container\" data-e-type=\"container\">\n\t\t\t\t<div class=\"elementor-element elementor-element-708a1d8 elementor-widget elementor-widget-heading\" data-id=\"708a1d8\" data-element_type=\"widget\" data-e-type=\"widget\" data-widget_type=\"heading.default\">\n\t\t\t\t<div class=\"elementor-widget-container\">\n\t\t\t\t\t<h3 class=\"elementor-heading-title elementor-size-default\">Share with whomever you want<\/h3>\t\t\t\t<\/div>\n\t\t\t\t<\/div>\n\t\t\t\t<div class=\"elementor-element elementor-element-98e065c elementor-widget elementor-widget-text-editor\" data-id=\"98e065c\" data-element_type=\"widget\" data-e-type=\"widget\" data-widget_type=\"text-editor.default\">\n\t\t\t\t<div class=\"elementor-widget-container\">\n\t\t\t\t\t\t\t\t\tSelect and share specific parts of your tag tree with colleagues, customers or collaborators. Facilitate access to specific resources without exposing your entire organizational structure.\t\t\t\t\t\t\t\t<\/div>\n\t\t\t\t<\/div>\n\t\t\t\t<\/div>\n\t\t\t\t<div class=\"elementor-element elementor-element-13b9e9f elementor-widget__width-initial elementor-widget-tablet__width-inherit elementor-widget elementor-widget-image\" data-id=\"13b9e9f\" data-element_type=\"widget\" data-e-type=\"widget\" data-widget_type=\"image.default\">\n\t\t\t\t<div class=\"elementor-widget-container\">\n\t\t\t\t\t\t\t\t\t\t\t\t\t\t\t<img loading=\"lazy\" decoding=\"async\" width=\"388\" height=\"319\" src=\"https:\/\/tagmachine.me\/wp-content\/uploads\/2025\/06\/compartir.png\" class=\"attachment-full size-full wp-image-215\" alt=\"TagMachine content sharing icon, represented by a paper airplane on a blue background.\" srcset=\"https:\/\/tagmachine.me\/wp-content\/uploads\/2025\/06\/compartir.png 388w, https:\/\/tagmachine.me\/wp-content\/uploads\/2025\/06\/compartir-300x247.png 300w\" sizes=\"(max-width: 388px) 100vw, 388px\" \/>\t\t\t\t\t\t\t\t\t\t\t\t\t\t\t<\/div>\n\t\t\t\t<\/div>\n\t\t\t\t<\/div>\n\t\t\t\t\t<\/div>\n\t\t\t\t<\/div>\n\t\t<div class=\"elementor-element elementor-element-48a8584 e-flex e-con-boxed e-con e-parent\" data-id=\"48a8584\" data-element_type=\"container\" data-e-type=\"container\" data-settings=\"{&quot;background_background&quot;:&quot;classic&quot;}\">\n\t\t\t\t\t<div class=\"e-con-inner\">\n\t\t\t\t<div class=\"elementor-element elementor-element-946b776 elementor-widget elementor-widget-heading\" data-id=\"946b776\" data-element_type=\"widget\" data-e-type=\"widget\" data-widget_type=\"heading.default\">\n\t\t\t\t<div class=\"elementor-widget-container\">\n\t\t\t\t\t<h2 class=\"elementor-heading-title elementor-size-default\">Discover how Tagmachine works<\/h2>\t\t\t\t<\/div>\n\t\t\t\t<\/div>\n\t\t\t\t<div class=\"elementor-element elementor-element-275fe3f elementor-widget elementor-widget-heading\" data-id=\"275fe3f\" data-element_type=\"widget\" data-e-type=\"widget\" data-widget_type=\"heading.default\">\n\t\t\t\t<div class=\"elementor-widget-container\">\n\t\t\t\t\t<p class=\"elementor-heading-title elementor-size-default\">Learn how you can save, organize and share your digital resources with TagMachine. You will see in action the hierarchical tag system, the intelligent search engine and the ease of working as a team from any device.<\/p>\t\t\t\t<\/div>\n\t\t\t\t<\/div>\n\t\t\t\t<div class=\"elementor-element elementor-element-7c6de0b elementor-widget elementor-widget-video\" data-id=\"7c6de0b\" data-element_type=\"widget\" data-e-type=\"widget\" data-settings=\"{&quot;youtube_url&quot;:&quot;https:\\\/\\\/youtu.be\\\/fU411hMc7_M?si=0UpKne1Hagnff4q6&quot;,&quot;mute&quot;:&quot;yes&quot;,&quot;loop&quot;:&quot;yes&quot;,&quot;yt_privacy&quot;:&quot;yes&quot;,&quot;video_type&quot;:&quot;youtube&quot;,&quot;controls&quot;:&quot;yes&quot;}\" data-widget_type=\"video.default\">\n\t\t\t\t<div class=\"elementor-widget-container\">\n\t\t\t\t\t\t\t<div class=\"elementor-wrapper elementor-open-inline\">\n\t\t\t<div class=\"elementor-video\"><\/div>\t\t<\/div>\n\t\t\t\t\t\t<\/div>\n\t\t\t\t<\/div>\n\t\t\t\t<div class=\"elementor-element elementor-element-f0591a8 elementor-align-center elementor-widget elementor-widget-button\" data-id=\"f0591a8\" data-element_type=\"widget\" data-e-type=\"widget\" data-widget_type=\"button.default\">\n\t\t\t\t<div class=\"elementor-widget-container\">\n\t\t\t\t\t\t\t\t\t<div class=\"elementor-button-wrapper\">\n\t\t\t\t\t<a class=\"elementor-button elementor-button-link elementor-size-sm elementor-animation-grow\" href=\"https:\/\/tagmachineapp.com\/signup\" target=\"_blank\">\n\t\t\t\t\t\t<span class=\"elementor-button-content-wrapper\">\n\t\t\t\t\t\t\t\t\t<span class=\"elementor-button-text\">Free trial<\/span>\n\t\t\t\t\t<\/span>\n\t\t\t\t\t<\/a>\n\t\t\t\t<\/div>\n\t\t\t\t\t\t\t\t<\/div>\n\t\t\t\t<\/div>\n\t\t\t\t\t<\/div>\n\t\t\t\t<\/div>\n\t\t\t\t<\/div>","protected":false},"excerpt":{"rendered":"<p>Funcionalidades para organizar y compartir tu conocimiento digital TagMachine es una plataforma tecnol\u00f3gica dise\u00f1ada para guardar, organizar y compartir informaci\u00f3n digital de forma estructurada. Descubre todas las funcionalidades que te permiten convertir el caos informativo en un sistema l\u00f3gico y accesible, adaptado a tu forma de trabajar. Lo que puedes hacer con TagMachine Mant\u00e9n tu [&hellip;]<\/p>\n","protected":false},"author":3,"featured_media":0,"parent":0,"menu_order":0,"comment_status":"closed","ping_status":"closed","template":"","meta":{"footnotes":""},"class_list":["post-28","page","type-page","status-publish","hentry"],"yoast_head":"<!-- This site is optimized with the Yoast SEO plugin v27.5 - https:\/\/yoast.com\/product\/yoast-seo-wordpress\/ -->\n<title>Funcionalidades de TagMachine | Organizaci\u00f3n y gesti\u00f3n de contenido digital<\/title>\n<meta name=\"description\" content=\"Descubre c\u00f3mo TagMachine te permite guardar enlaces, organizar documentos con etiquetas jer\u00e1rquicas y compartir estructuras de conocimiento con tu equipo.\" \/>\n<meta name=\"robots\" content=\"index, follow, max-snippet:-1, max-image-preview:large, max-video-preview:-1\" \/>\n<link rel=\"canonical\" href=\"https:\/\/tagmachine.me\/en\/functionalities\/\" \/>\n<meta property=\"og:locale\" content=\"en_US\" \/>\n<meta property=\"og:type\" content=\"article\" \/>\n<meta property=\"og:title\" content=\"Funcionalidades de TagMachine | Organizaci\u00f3n y gesti\u00f3n de contenido digital\" \/>\n<meta property=\"og:description\" content=\"Descubre c\u00f3mo TagMachine te permite guardar enlaces, organizar documentos con etiquetas jer\u00e1rquicas y compartir estructuras de conocimiento con tu equipo.\" \/>\n<meta property=\"og:url\" content=\"https:\/\/tagmachine.me\/en\/functionalities\/\" \/>\n<meta property=\"og:site_name\" content=\"TagMachine\" \/>\n<meta property=\"article:modified_time\" content=\"2025-06-17T19:45:24+00:00\" \/>\n<meta property=\"og:image\" content=\"https:\/\/tagmachine.me\/wp-content\/uploads\/2025\/06\/Screenshot2024-04-25at01-26-36TagMachine.png\" \/>\n\t<meta property=\"og:image:width\" content=\"553\" \/>\n\t<meta property=\"og:image:height\" content=\"279\" \/>\n\t<meta property=\"og:image:type\" content=\"image\/png\" \/>\n<meta name=\"twitter:card\" content=\"summary_large_image\" \/>\n<meta name=\"twitter:label1\" content=\"Est. reading time\" \/>\n\t<meta name=\"twitter:data1\" content=\"2 minutes\" \/>\n<script type=\"application\/ld+json\" class=\"yoast-schema-graph\">{\"@context\":\"https:\\\/\\\/schema.org\",\"@graph\":[{\"@type\":\"WebPage\",\"@id\":\"https:\\\/\\\/tagmachine.me\\\/funcionalidades\\\/\",\"url\":\"https:\\\/\\\/tagmachine.me\\\/funcionalidades\\\/\",\"name\":\"Funcionalidades de TagMachine | Organizaci\u00f3n y gesti\u00f3n de contenido digital\",\"isPartOf\":{\"@id\":\"https:\\\/\\\/tagmachine.me\\\/#website\"},\"primaryImageOfPage\":{\"@id\":\"https:\\\/\\\/tagmachine.me\\\/funcionalidades\\\/#primaryimage\"},\"image\":{\"@id\":\"https:\\\/\\\/tagmachine.me\\\/funcionalidades\\\/#primaryimage\"},\"thumbnailUrl\":\"https:\\\/\\\/tagmachine.me\\\/wp-content\\\/uploads\\\/2025\\\/06\\\/Screenshot2024-04-25at01-26-36TagMachine.png\",\"datePublished\":\"2025-06-07T06:44:03+00:00\",\"dateModified\":\"2025-06-17T19:45:24+00:00\",\"description\":\"Descubre c\u00f3mo TagMachine te permite guardar enlaces, organizar documentos con etiquetas jer\u00e1rquicas y compartir estructuras de conocimiento con tu equipo.\",\"breadcrumb\":{\"@id\":\"https:\\\/\\\/tagmachine.me\\\/funcionalidades\\\/#breadcrumb\"},\"inLanguage\":\"en-US\",\"potentialAction\":[{\"@type\":\"ReadAction\",\"target\":[\"https:\\\/\\\/tagmachine.me\\\/funcionalidades\\\/\"]}]},{\"@type\":\"ImageObject\",\"inLanguage\":\"en-US\",\"@id\":\"https:\\\/\\\/tagmachine.me\\\/funcionalidades\\\/#primaryimage\",\"url\":\"https:\\\/\\\/tagmachine.me\\\/wp-content\\\/uploads\\\/2025\\\/06\\\/Screenshot2024-04-25at01-26-36TagMachine.png\",\"contentUrl\":\"https:\\\/\\\/tagmachine.me\\\/wp-content\\\/uploads\\\/2025\\\/06\\\/Screenshot2024-04-25at01-26-36TagMachine.png\"},{\"@type\":\"BreadcrumbList\",\"@id\":\"https:\\\/\\\/tagmachine.me\\\/funcionalidades\\\/#breadcrumb\",\"itemListElement\":[{\"@type\":\"ListItem\",\"position\":1,\"name\":\"Portada\",\"item\":\"https:\\\/\\\/tagmachine.me\\\/\"},{\"@type\":\"ListItem\",\"position\":2,\"name\":\"Funcionalidades\"}]},{\"@type\":\"WebSite\",\"@id\":\"https:\\\/\\\/tagmachine.me\\\/#website\",\"url\":\"https:\\\/\\\/tagmachine.me\\\/\",\"name\":\"TagMachine\",\"description\":\"Plataforma para la gesti\u00f3n de enlaces online en equipos.\",\"publisher\":{\"@id\":\"https:\\\/\\\/tagmachine.me\\\/#organization\"},\"alternateName\":\"TagMachine\",\"potentialAction\":[{\"@type\":\"SearchAction\",\"target\":{\"@type\":\"EntryPoint\",\"urlTemplate\":\"https:\\\/\\\/tagmachine.me\\\/?s={search_term_string}\"},\"query-input\":{\"@type\":\"PropertyValueSpecification\",\"valueRequired\":true,\"valueName\":\"search_term_string\"}}],\"inLanguage\":\"en-US\"},{\"@type\":\"Organization\",\"@id\":\"https:\\\/\\\/tagmachine.me\\\/#organization\",\"name\":\"TagMachine\",\"alternateName\":\"TagMachine\",\"url\":\"https:\\\/\\\/tagmachine.me\\\/\",\"logo\":{\"@type\":\"ImageObject\",\"inLanguage\":\"en-US\",\"@id\":\"https:\\\/\\\/tagmachine.me\\\/#\\\/schema\\\/logo\\\/image\\\/\",\"url\":\"https:\\\/\\\/tagmachine.me\\\/wp-content\\\/uploads\\\/2025\\\/06\\\/tag-machine-logo-transparente2.png\",\"contentUrl\":\"https:\\\/\\\/tagmachine.me\\\/wp-content\\\/uploads\\\/2025\\\/06\\\/tag-machine-logo-transparente2.png\",\"width\":799,\"height\":699,\"caption\":\"TagMachine\"},\"image\":{\"@id\":\"https:\\\/\\\/tagmachine.me\\\/#\\\/schema\\\/logo\\\/image\\\/\"}}]}<\/script>\n<!-- \/ Yoast SEO plugin. -->","yoast_head_json":{"title":"TagMachine features | Digital content organization and management","description":"Discover how TagMachine allows you to save links, organize documents with hierarchical tags and share knowledge structures with your team.","robots":{"index":"index","follow":"follow","max-snippet":"max-snippet:-1","max-image-preview":"max-image-preview:large","max-video-preview":"max-video-preview:-1"},"canonical":"https:\/\/tagmachine.me\/en\/functionalities\/","og_locale":"en_US","og_type":"article","og_title":"Funcionalidades de TagMachine | Organizaci\u00f3n y gesti\u00f3n de contenido digital","og_description":"Descubre c\u00f3mo TagMachine te permite guardar enlaces, organizar documentos con etiquetas jer\u00e1rquicas y compartir estructuras de conocimiento con tu equipo.","og_url":"https:\/\/tagmachine.me\/en\/functionalities\/","og_site_name":"TagMachine","article_modified_time":"2025-06-17T19:45:24+00:00","og_image":[{"width":553,"height":279,"url":"https:\/\/tagmachine.me\/wp-content\/uploads\/2025\/06\/Screenshot2024-04-25at01-26-36TagMachine.png","type":"image\/png"}],"twitter_card":"summary_large_image","twitter_misc":{"Est. reading time":"2 minutes"},"schema":{"@context":"https:\/\/schema.org","@graph":[{"@type":"WebPage","@id":"https:\/\/tagmachine.me\/funcionalidades\/","url":"https:\/\/tagmachine.me\/funcionalidades\/","name":"TagMachine features | Digital content organization and management","isPartOf":{"@id":"https:\/\/tagmachine.me\/#website"},"primaryImageOfPage":{"@id":"https:\/\/tagmachine.me\/funcionalidades\/#primaryimage"},"image":{"@id":"https:\/\/tagmachine.me\/funcionalidades\/#primaryimage"},"thumbnailUrl":"https:\/\/tagmachine.me\/wp-content\/uploads\/2025\/06\/Screenshot2024-04-25at01-26-36TagMachine.png","datePublished":"2025-06-07T06:44:03+00:00","dateModified":"2025-06-17T19:45:24+00:00","description":"Discover how TagMachine allows you to save links, organize documents with hierarchical tags and share knowledge structures with your team.","breadcrumb":{"@id":"https:\/\/tagmachine.me\/funcionalidades\/#breadcrumb"},"inLanguage":"en-US","potentialAction":[{"@type":"ReadAction","target":["https:\/\/tagmachine.me\/funcionalidades\/"]}]},{"@type":"ImageObject","inLanguage":"en-US","@id":"https:\/\/tagmachine.me\/funcionalidades\/#primaryimage","url":"https:\/\/tagmachine.me\/wp-content\/uploads\/2025\/06\/Screenshot2024-04-25at01-26-36TagMachine.png","contentUrl":"https:\/\/tagmachine.me\/wp-content\/uploads\/2025\/06\/Screenshot2024-04-25at01-26-36TagMachine.png"},{"@type":"BreadcrumbList","@id":"https:\/\/tagmachine.me\/funcionalidades\/#breadcrumb","itemListElement":[{"@type":"ListItem","position":1,"name":"Portada","item":"https:\/\/tagmachine.me\/"},{"@type":"ListItem","position":2,"name":"Funcionalidades"}]},{"@type":"WebSite","@id":"https:\/\/tagmachine.me\/#website","url":"https:\/\/tagmachine.me\/","name":"TagMachine","description":"Platform for online link management in teams.","publisher":{"@id":"https:\/\/tagmachine.me\/#organization"},"alternateName":"TagMachine","potentialAction":[{"@type":"SearchAction","target":{"@type":"EntryPoint","urlTemplate":"https:\/\/tagmachine.me\/?s={search_term_string}"},"query-input":{"@type":"PropertyValueSpecification","valueRequired":true,"valueName":"search_term_string"}}],"inLanguage":"en-US"},{"@type":"Organization","@id":"https:\/\/tagmachine.me\/#organization","name":"TagMachine","alternateName":"TagMachine","url":"https:\/\/tagmachine.me\/","logo":{"@type":"ImageObject","inLanguage":"en-US","@id":"https:\/\/tagmachine.me\/#\/schema\/logo\/image\/","url":"https:\/\/tagmachine.me\/wp-content\/uploads\/2025\/06\/tag-machine-logo-transparente2.png","contentUrl":"https:\/\/tagmachine.me\/wp-content\/uploads\/2025\/06\/tag-machine-logo-transparente2.png","width":799,"height":699,"caption":"TagMachine"},"image":{"@id":"https:\/\/tagmachine.me\/#\/schema\/logo\/image\/"}}]}},"_links":{"self":[{"href":"https:\/\/tagmachine.me\/en\/wp-json\/wp\/v2\/pages\/28","targetHints":{"allow":["GET"]}}],"collection":[{"href":"https:\/\/tagmachine.me\/en\/wp-json\/wp\/v2\/pages"}],"about":[{"href":"https:\/\/tagmachine.me\/en\/wp-json\/wp\/v2\/types\/page"}],"author":[{"embeddable":true,"href":"https:\/\/tagmachine.me\/en\/wp-json\/wp\/v2\/users\/3"}],"replies":[{"embeddable":true,"href":"https:\/\/tagmachine.me\/en\/wp-json\/wp\/v2\/comments?post=28"}],"version-history":[{"count":49,"href":"https:\/\/tagmachine.me\/en\/wp-json\/wp\/v2\/pages\/28\/revisions"}],"predecessor-version":[{"id":402,"href":"https:\/\/tagmachine.me\/en\/wp-json\/wp\/v2\/pages\/28\/revisions\/402"}],"wp:attachment":[{"href":"https:\/\/tagmachine.me\/en\/wp-json\/wp\/v2\/media?parent=28"}],"curies":[{"name":"wp","href":"https:\/\/api.w.org\/{rel}","templated":true}]}}